{"id":182,"date":"2020-05-12T13:57:35","date_gmt":"2020-05-12T17:57:35","guid":{"rendered":"https:\/\/plasmastg.giveplasma.ca\/?page_id=182"},"modified":"2023-07-04T10:20:08","modified_gmt":"2023-07-04T14:20:08","slug":"qui-sommes-nous","status":"publish","type":"page","link":"https:\/\/plasmastg.giveplasma.ca\/fr\/au-sujet-de\/qui-sommes-nous\/","title":{"rendered":"Qui Sommes-Nous?"},"content":{"rendered":"\n<p>Canadian Plasma Resources (CPR) est un \u00e9tablissement de sang agr\u00e9\u00e9 par Sant\u00e9 Canada et certifi\u00e9 par l\u2019Union europ\u00e9enne (UE) et le Programme international de la qualit\u00e9 du plasma (IQPP). CPR est membre d\u2019origine de l\u2019Association des entreprises des prot\u00e9ines plasmatiques th\u00e9rapeutiques (PPTA).<\/p>\n\n\n\n<p>CPR collecte du plasma de qualit\u00e9 aupr\u00e8s de donneurs en bonne sant\u00e9. Ce plasma est transform\u00e9 et utilis\u00e9 dans diverses th\u00e9rapies qui serviront \u00e0 traiter diverses maladies.<\/p>\n\n\n\n<h2>Le besoin croissant de plasma au Canada<\/h2>\n\n\n\n<p>Des dizaines de milliers de patients Canadiens et des millions du monde entier peuvent profiter de produits d\u00e9riv\u00e9s du plasma. Ces produits peuvent \u00eatre utilis\u00e9s pour des maladies du syst\u00e8me immunitaire, des troubles h\u00e9morragiques, des traumatismes et de nombreuses maladies rares.<\/p>\n\n\n\n<p>Le Canada doit compter sur d\u2019autres pays, particuli\u00e8rement les \u00c9tats-Unis, pour l\u2019approvisionnement de produits d\u00e9riv\u00e9s du plasma.<\/p>\n\n\n\n<p>\u00c0 l\u2019heure actuelle, le Canada importe des \u00c9tats-Unis environ 80 % de tout le plasma sanguin utilis\u00e9 au pays. Le plasma utilis\u00e9 dans les produits d\u00e9riv\u00e9s du plasma sur lesquels nous comptons tellement est recueilli aupr\u00e8s de donneurs \u00e9trangers, et ce plasma nous est ensuite vendu par des compagnies \u00e9trang\u00e8res. Canadian Plasma Resources met tout en oeuvre pour faire du Canada un intervenant majeur dans ce domaine.<\/p>\n\n\n\n<h2>Nous sommes \u00e0 la recherche de donneurs en bonne sant\u00e9<\/h2>\n\n\n\n<p>Il existe pr\u00e9sentement deux centres de don de Canadian Plasma Resource auxquels ont acc\u00e8s les Canadiens qui habitent \u00e0 Moncton et \u00e0 Saskatoon. Trouvez ici le centre de don de plasma le plus pr\u00e8s de chez vous.<\/p>\n\n\n\n<p>Nous invitons tous les donneurs en bonne sant\u00e9 \u00e0 examiner nos crit\u00e8res d\u2019admissibilit\u00e9 pour le don de plasma; \u00e0 se renseigner sur notre processus de don; \u00e0 en d\u00e9couvrir d\u2019avantage au sujet des cons\u00e9quences positives que peut avoir un don de plasma; et enfin \u00e0 prendre rendez-vous dans l\u2019un de nos centres de don, d\u00e8s aujourd\u2019hui.<\/p>\n\n\n\n<p>Rappelez-vous que devenir un donneur r\u00e9gulier de plasma est une des fa\u00e7ons les plus s\u00fbres de contribuer \u00e0 sauver des vies.<\/p>\n\n\n\n<h2>Licences<\/h2>\n\n\n\n<div class=\"wp-block-coblocks-accordion\">\n<div class=\"wp-block-coblocks-accordion-item\"><details><summary class=\"wp-block-coblocks-accordion-item__title\">Health Canada<\/summary><div class=\"wp-block-coblocks-accordion-item__content\">\n<ul><li><a href=\"https:\/\/plasmastg.giveplasma.ca\/wp-content\/uploads\/2023\/02\/Health-Canada-\u2013-Blood-Establishment-Licence_1000024-C-\u2013-Saskatoon_2022-08-04.pdf\" target=\"_blank\" rel=\"noreferrer noopener\"><a href=\"https:\/\/plasmastg.giveplasma.ca\/wp-content\/uploads\/2023\/02\/Health-Canada-\u2013-Blood-Establishment-Licence_1000024-C-\u2013-Saskatoon_2022-08-04.pdf\" target=\"_blank\" rel=\"noreferrer noopener\">Health Canada \u2013 Blood Establishment Licence_1000024-C \u2013 Saskatoon_2022-08-04<\/a><\/a><\/li><li><a href=\"https:\/\/plasmastg.giveplasma.ca\/wp-content\/uploads\/2023\/02\/Health-Canada-\u2013-Blood-Establishment-Licence_1000024-C-\u2013-Saskatoon_2022-08-04.pdf\" target=\"_blank\" rel=\"noreferrer noopener\"><a href=\"https:\/\/plasmastg.giveplasma.ca\/wp-content\/uploads\/2023\/02\/Health-Canada-\u2013-Blood-Establishment-Licence_1000024-D-\u2013-Moncton_2022-08-04.pdf\" target=\"_blank\" rel=\"noreferrer noopener\">Health Canada \u2013 Blood Establishment Licence_1000024-D \u2013 Moncton_2022-08-04<\/a><\/a><\/li><li><a href=\"https:\/\/plasmastg.giveplasma.ca\/wp-content\/uploads\/2023\/02\/Health-Canada-\u2013-Blood-Establishment-Licence_1000024-C-\u2013-Saskatoon_2022-08-04.pdf\" target=\"_blank\" rel=\"noreferrer noopener\"><a href=\"https:\/\/plasmastg.giveplasma.ca\/wp-content\/uploads\/2023\/02\/Health-Canada-\u2013-Blood-Establishment-Licence_1000024-E-\u2013-Edmonton_2022-08-04.pdf\" target=\"_blank\" rel=\"noreferrer noopener\">Health Canada \u2013 Blood Establishment Licence_1000024-E \u2013 Edmonton_2022-08-04<\/a><\/a><\/li><li><a href=\"https:\/\/plasmastg.giveplasma.ca\/wp-content\/uploads\/2023\/02\/Health-Canada-\u2013-Blood-Establishment-Licence_1000024-C-\u2013-Saskatoon_2022-08-04.pdf\" target=\"_blank\" rel=\"noreferrer noopener\"><a href=\"https:\/\/plasmastg.giveplasma.ca\/wp-content\/uploads\/2023\/02\/Health-Canada-\u2013-Blood-Establishment-Licence_1000024-F-\u2013-Winnipeg_2022-08-04.pdf\" target=\"_blank\" rel=\"noreferrer noopener\">Health Canada \u2013 Blood Establishment Licence_1000024-F \u2013 Winnipeg_2022-08-04<\/a><\/a><\/li><li><a href=\"https:\/\/plasmastg.giveplasma.ca\/wp-content\/uploads\/2023\/02\/Health-Canada-\u2013-Blood-Establishment-Licence_1000024-C-\u2013-Saskatoon_2022-08-04.pdf\" target=\"_blank\" rel=\"noreferrer noopener\"><a href=\"https:\/\/plasmastg.giveplasma.ca\/wp-content\/uploads\/2023\/02\/Health-Canada-\u2013-Blood-Establishment-Licence_1000024-G-\u2013-Calgary_2022-08-04.pdf\" target=\"_blank\" rel=\"noreferrer noopener\">Health Canada \u2013 Blood Establishment Licence_1000024-G \u2013 Calgary_2022-08-04<\/a><\/a><\/li><li><a href=\"https:\/\/plasmastg.giveplasma.ca\/wp-content\/uploads\/2023\/02\/Health-Canada-\u2013-Blood-Establishment-Licence_1000024-C-\u2013-Saskatoon_2022-08-04.pdf\" target=\"_blank\" rel=\"noreferrer noopener\"><a href=\"https:\/\/plasmastg.giveplasma.ca\/wp-content\/uploads\/2023\/06\/Health-Canada-\u2013-Blood-Establishment-Licence_1000024-H-\u2013-Regina_2023-03-15.pdf\" target=\"_blank\" rel=\"noreferrer noopener\">Health Canada &#8211; Blood Establishment Licence 1000024-H &#8211; Regina_15.03.2023<\/a><\/a><\/li><li><a href=\"https:\/\/plasmastg.giveplasma.ca\/wp-content\/uploads\/2023\/02\/Health-Canada-\u2013-Blood-Establishment-Licence_1000024-C-\u2013-Saskatoon_2022-08-04.pdf\" target=\"_blank\" rel=\"noreferrer noopener\"><a href=\"https:\/\/plasmastg.giveplasma.ca\/wp-content\/uploads\/2023\/07\/Health-Canada-Blood-Establishment-Licence-1000024-I-Saint-John_23.06.2023.pdf\" target=\"_blank\" rel=\"noreferrer noopener\">Health Canada &#8211; Blood Establishment Licence 1000024-I &#8211; Saint John_23.06.2023<\/a><\/a><\/li><\/ul>\n<\/div><\/details><\/div>\n\n\n\n<div class=\"wp-block-coblocks-accordion-item\"><details><summary class=\"wp-block-coblocks-accordion-item__title\">Provincial Laboratory Licences<\/summary><div class=\"wp-block-coblocks-accordion-item__content\">\n<ul><li><a href=\"https:\/\/plasmastg.giveplasma.ca\/wp-content\/uploads\/2023\/02\/Medical-Lab-Licence_92141-Saskatoon_2022.pdf\" target=\"_blank\" rel=\"noreferrer noopener\">Medical Lab Licence_92141 &#8211; Saskatoon_2022<\/a><\/li><li><a href=\"https:\/\/plasmastg.giveplasma.ca\/wp-content\/uploads\/2023\/02\/Medical-Lab-Licence_92903-Regina_2022.pdf\" target=\"_blank\" rel=\"noreferrer noopener\">Medical Lab Licence_92903 &#8211; Regina_2022<\/a><\/li><\/ul>\n<\/div><\/details><\/div>\n\n\n\n<div class=\"wp-block-coblocks-accordion-item\"><details><summary class=\"wp-block-coblocks-accordion-item__title\">European Authorities<\/summary><div class=\"wp-block-coblocks-accordion-item__content\">\n<ul><li><a href=\"https:\/\/plasmastg.giveplasma.ca\/wp-content\/uploads\/2023\/02\/AGES_CPR_Calgary_484231-100797808.pdf\" target=\"_blank\" rel=\"noreferrer noopener\">AGES_CPR_Calgary_484231-100797808<\/a><\/li><li><a href=\"https:\/\/plasmastg.giveplasma.ca\/wp-content\/uploads\/2023\/02\/AGES_CPR_Edmonton_484230-100803248.pdf\" target=\"_blank\" rel=\"noreferrer noopener\">AGES_CPR_Edmonton_484230-100803248<\/a><\/li><li><a href=\"https:\/\/plasmastg.giveplasma.ca\/wp-content\/uploads\/2023\/02\/AGES_CPR_Moncton_484260-101165572.pdf\" target=\"_blank\" rel=\"noreferrer noopener\">AGES_CPR_Moncton_484260-101165572<\/a><\/li><li><a href=\"https:\/\/plasmastg.giveplasma.ca\/wp-content\/uploads\/2021\/05\/German-Health-Authority-GMP-compliance-Certificate-Saskatoon.pdf\" target=\"_blank\" rel=\"noreferrer noopener\">German Health Authority \u2013 GMP compliance Certificate&nbsp;\u2013 Saskatoon<\/a><\/li><li><a href=\"https:\/\/plasmastg.giveplasma.ca\/wp-content\/uploads\/2021\/05\/German-Health-Authority-GMP-compliance-Certificate-Moncton.pdf\" target=\"_blank\" rel=\"noreferrer noopener\">German Health Authority \u2013 GMP compliance Certificate &#8211; Moncton<\/a><\/li><\/ul>\n<\/div><\/details><\/div>\n\n\n\n<div class=\"wp-block-coblocks-accordion-item\"><details><summary class=\"wp-block-coblocks-accordion-item__title\">FDA Establishment Identifier <\/summary><div class=\"wp-block-coblocks-accordion-item__content\">\n<ul><li><a href=\"https:\/\/plasmastg.giveplasma.ca\/wp-content\/uploads\/2023\/02\/US-FDA-Establishment-Identifier-FEI-Number_3012961278A_Saskatoon.pdf\" target=\"_blank\" rel=\"noreferrer noopener\">US FDA Establishment Identifier (FEI Number)_3012961278A_Saskatoon<\/a><\/li><li><a href=\"https:\/\/plasmastg.giveplasma.ca\/wp-content\/uploads\/2023\/02\/US-FDA-Establishment-Identifier-FEI-Number_3014765334A_Moncton.pdf\" target=\"_blank\" rel=\"noreferrer noopener\">US FDA Establishment Identifier (FEI Number)_3014765334A_Moncton<\/a><\/li><li><a href=\"https:\/\/plasmastg.giveplasma.ca\/wp-content\/uploads\/2023\/02\/US-FDA-Establishment-Identifier-FEI-Number_3022578456A_Calgary.pdf\" target=\"_blank\" rel=\"noreferrer noopener\">US FDA Establishment Identifier (FEI Number)_3022578456A_Calgary<\/a><\/li><li><a href=\"https:\/\/plasmastg.giveplasma.ca\/wp-content\/uploads\/2023\/02\/US-FDA-Establishment-Identifier-FEI-Number_3022579810A_Edmonton.pdf\" target=\"_blank\" rel=\"noreferrer noopener\">US FDA Establishment Identifier (FEI Number)_3022579810A_Edmonton<\/a><\/li><li><a href=\"https:\/\/plasmastg.giveplasma.ca\/wp-content\/uploads\/2023\/02\/US-FDA-Establishment-Identifier-FEI-Number_3023671565A_Winnipeg.pdf\" target=\"_blank\" rel=\"noreferrer noopener\">US FDA Establishment Identifier (FEI Number)_3023671565A_Winnipeg<\/a><\/li><\/ul>\n<\/div><\/details><\/div>\n\n\n\n<div class=\"wp-block-coblocks-accordion-item\"><details><summary class=\"wp-block-coblocks-accordion-item__title\">PPTA<\/summary><div class=\"wp-block-coblocks-accordion-item__content\">\n<ul><li><a href=\"https:\/\/plasmastg.giveplasma.ca\/wp-content\/uploads\/2023\/02\/IQPP_Saskatoon_2019.pdf\" target=\"_blank\" rel=\"noreferrer noopener\">IQPP_Saskatoon_2019<\/a><\/li><li><a href=\"https:\/\/plasmastg.giveplasma.ca\/wp-content\/uploads\/2023\/02\/IQPP_Moncton_1076_2021.pdf\" target=\"_blank\" rel=\"noreferrer noopener\">IQPP_Moncton_1076_2021<\/a><\/li><li><a href=\"https:\/\/plasmastg.giveplasma.ca\/wp-content\/uploads\/2023\/02\/IQPP_Calgary_1496_2021.pdf\" target=\"_blank\" rel=\"noreferrer noopener\">IQPP_Calgary_1496_2021<\/a><\/li><li><a href=\"https:\/\/plasmastg.giveplasma.ca\/wp-content\/uploads\/2023\/02\/IQPP_Edmonton_1497_2021.pdf\" target=\"_blank\" rel=\"noreferrer noopener\">IQPP_Edmonton_1497_2021<\/a><\/li><li><a href=\"https:\/\/plasmastg.giveplasma.ca\/wp-content\/uploads\/2023\/02\/IQPP_Winnipeg_1522_2022.pdf\" target=\"_blank\" rel=\"noreferrer noopener\">IQPP_Winnipeg_1522_2022<\/a><\/li><\/ul>\n<\/div><\/details><\/div>\n<\/div>\n","protected":false},"excerpt":{"rendered":"<p>Canadian Plasma Resources (CPR) est un \u00e9tablissement de sang agr\u00e9\u00e9 par Sant\u00e9 Canada et certifi\u00e9 par l\u2019Union europ\u00e9enne (UE) et le Programme international de la qualit\u00e9 du plasma (IQPP). CPR est membre d\u2019origine de l\u2019Association des entreprises des prot\u00e9ines plasmatiques th\u00e9rapeutiques (PPTA). CPR collecte du plasma de qualit\u00e9 aupr\u00e8s de donneurs en bonne sant\u00e9. Ce&hellip; <a class=\"text-nowrap\" href=\"https:\/\/plasmastg.giveplasma.ca\/fr\/au-sujet-de\/qui-sommes-nous\/\">Continue reading<span class=\"sr-only\"> Qui Sommes-Nous?<\/span><\/a><\/p>\n","protected":false},"author":1,"featured_media":0,"parent":165,"menu_order":3,"comment_status":"closed","ping_status":"closed","template":"","meta":{"_coblocks_attr":"","_coblocks_dimensions":"","_coblocks_responsive_height":"","_coblocks_accordion_ie_support":""},"acf":[],"yoast_head":"<!-- This site is optimized with the Yoast SEO plugin v19.4 - https:\/\/yoast.com\/wordpress\/plugins\/seo\/ -->\n<title>Qui Sommes-Nous? - Canadian Plasma Resources<\/title>\n<meta name=\"robots\" content=\"noindex, follow, max-snippet:-1, max-image-preview:large, max-video-preview:-1\" \/>\n<meta property=\"og:locale\" content=\"fr_FR\" \/>\n<meta property=\"og:type\" content=\"article\" \/>\n<meta property=\"og:title\" content=\"Qui Sommes-Nous? - Canadian Plasma Resources\" \/>\n<meta property=\"og:description\" content=\"Canadian Plasma Resources (CPR) est un \u00e9tablissement de sang agr\u00e9\u00e9 par Sant\u00e9 Canada et certifi\u00e9 par l\u2019Union europ\u00e9enne (UE) et le Programme international de la qualit\u00e9 du plasma (IQPP). CPR est membre d\u2019origine de l\u2019Association des entreprises des prot\u00e9ines plasmatiques th\u00e9rapeutiques (PPTA). CPR collecte du plasma de qualit\u00e9 aupr\u00e8s de donneurs en bonne sant\u00e9. Ce&hellip; Continue reading Qui Sommes-Nous?\" \/>\n<meta property=\"og:url\" content=\"https:\/\/plasmastg.giveplasma.ca\/fr\/au-sujet-de\/qui-sommes-nous\/\" \/>\n<meta property=\"og:site_name\" content=\"Canadian Plasma Resources\" \/>\n<meta property=\"article:publisher\" content=\"https:\/\/www.facebook.com\/giveplasma\" \/>\n<meta property=\"article:modified_time\" content=\"2023-07-04T14:20:08+00:00\" \/>\n<meta name=\"twitter:card\" content=\"summary_large_image\" \/>\n<meta name=\"twitter:site\" content=\"@giveplasma\" \/>\n<meta name=\"twitter:label1\" content=\"Dur\u00e9e de lecture estim\u00e9e\" \/>\n\t<meta name=\"twitter:data1\" content=\"2 minutes\" \/>\n<script type=\"application\/ld+json\" class=\"yoast-schema-graph\">{\"@context\":\"https:\/\/schema.org\",\"@graph\":[{\"@type\":\"Organization\",\"@id\":\"https:\/\/plasmastg.giveplasma.ca\/#organization\",\"name\":\"Canadian Plasma Resources\",\"url\":\"https:\/\/plasmastg.giveplasma.ca\/\",\"sameAs\":[\"https:\/\/www.instagram.com\/giveplasma\/\",\"https:\/\/www.youtube.com\/channel\/UC-AZ6t3Ap4xP6C7JocUsnBA\",\"https:\/\/en.wikipedia.org\/wiki\/Canadian_Plasma_Resources\",\"https:\/\/www.facebook.com\/giveplasma\",\"https:\/\/twitter.com\/giveplasma\"],\"logo\":{\"@type\":\"ImageObject\",\"inLanguage\":\"fr-FR\",\"@id\":\"https:\/\/plasmastg.giveplasma.ca\/#\/schema\/logo\/image\/\",\"url\":\"https:\/\/plasmastg.giveplasma.ca\/wp-content\/uploads\/2021\/01\/1.png\",\"contentUrl\":\"https:\/\/plasmastg.giveplasma.ca\/wp-content\/uploads\/2021\/01\/1.png\",\"width\":427,\"height\":239,\"caption\":\"Canadian Plasma Resources\"},\"image\":{\"@id\":\"https:\/\/plasmastg.giveplasma.ca\/#\/schema\/logo\/image\/\"}},{\"@type\":\"WebSite\",\"@id\":\"https:\/\/plasmastg.giveplasma.ca\/#website\",\"url\":\"https:\/\/plasmastg.giveplasma.ca\/\",\"name\":\"Canadian Plasma Resources\",\"description\":\"Give Plasma, Give Life\",\"publisher\":{\"@id\":\"https:\/\/plasmastg.giveplasma.ca\/#organization\"},\"potentialAction\":[{\"@type\":\"SearchAction\",\"target\":{\"@type\":\"EntryPoint\",\"urlTemplate\":\"https:\/\/plasmastg.giveplasma.ca\/?s={search_term_string}\"},\"query-input\":\"required name=search_term_string\"}],\"inLanguage\":\"fr-FR\"},{\"@type\":\"WebPage\",\"@id\":\"https:\/\/plasmastg.giveplasma.ca\/fr\/au-sujet-de\/qui-sommes-nous\/\",\"url\":\"https:\/\/plasmastg.giveplasma.ca\/fr\/au-sujet-de\/qui-sommes-nous\/\",\"name\":\"Qui Sommes-Nous? - Canadian Plasma Resources\",\"isPartOf\":{\"@id\":\"https:\/\/plasmastg.giveplasma.ca\/#website\"},\"datePublished\":\"2020-05-12T17:57:35+00:00\",\"dateModified\":\"2023-07-04T14:20:08+00:00\",\"breadcrumb\":{\"@id\":\"https:\/\/plasmastg.giveplasma.ca\/fr\/au-sujet-de\/qui-sommes-nous\/#breadcrumb\"},\"inLanguage\":\"fr-FR\",\"potentialAction\":[{\"@type\":\"ReadAction\",\"target\":[\"https:\/\/plasmastg.giveplasma.ca\/fr\/au-sujet-de\/qui-sommes-nous\/\"]}]},{\"@type\":\"BreadcrumbList\",\"@id\":\"https:\/\/plasmastg.giveplasma.ca\/fr\/au-sujet-de\/qui-sommes-nous\/#breadcrumb\",\"itemListElement\":[{\"@type\":\"ListItem\",\"position\":1,\"name\":\"Home\",\"item\":\"https:\/\/plasmastg.giveplasma.ca\/fr\/\"},{\"@type\":\"ListItem\",\"position\":2,\"name\":\"Au sujet de\",\"item\":\"https:\/\/plasmastg.giveplasma.ca\/fr\/au-sujet-de\/\"},{\"@type\":\"ListItem\",\"position\":3,\"name\":\"Qui Sommes-Nous?\"}]}]}<\/script>\n<!-- \/ Yoast SEO plugin. -->","yoast_head_json":{"title":"Qui Sommes-Nous? - Canadian Plasma Resources","robots":{"index":"noindex","follow":"follow","max-snippet":"max-snippet:-1","max-image-preview":"max-image-preview:large","max-video-preview":"max-video-preview:-1"},"og_locale":"fr_FR","og_type":"article","og_title":"Qui Sommes-Nous? - Canadian Plasma Resources","og_description":"Canadian Plasma Resources (CPR) est un \u00e9tablissement de sang agr\u00e9\u00e9 par Sant\u00e9 Canada et certifi\u00e9 par l\u2019Union europ\u00e9enne (UE) et le Programme international de la qualit\u00e9 du plasma (IQPP). CPR est membre d\u2019origine de l\u2019Association des entreprises des prot\u00e9ines plasmatiques th\u00e9rapeutiques (PPTA). CPR collecte du plasma de qualit\u00e9 aupr\u00e8s de donneurs en bonne sant\u00e9. Ce&hellip; Continue reading Qui Sommes-Nous?","og_url":"https:\/\/plasmastg.giveplasma.ca\/fr\/au-sujet-de\/qui-sommes-nous\/","og_site_name":"Canadian Plasma Resources","article_publisher":"https:\/\/www.facebook.com\/giveplasma","article_modified_time":"2023-07-04T14:20:08+00:00","twitter_card":"summary_large_image","twitter_site":"@giveplasma","twitter_misc":{"Dur\u00e9e de lecture estim\u00e9e":"2 minutes"},"schema":{"@context":"https:\/\/schema.org","@graph":[{"@type":"Organization","@id":"https:\/\/plasmastg.giveplasma.ca\/#organization","name":"Canadian Plasma Resources","url":"https:\/\/plasmastg.giveplasma.ca\/","sameAs":["https:\/\/www.instagram.com\/giveplasma\/","https:\/\/www.youtube.com\/channel\/UC-AZ6t3Ap4xP6C7JocUsnBA","https:\/\/en.wikipedia.org\/wiki\/Canadian_Plasma_Resources","https:\/\/www.facebook.com\/giveplasma","https:\/\/twitter.com\/giveplasma"],"logo":{"@type":"ImageObject","inLanguage":"fr-FR","@id":"https:\/\/plasmastg.giveplasma.ca\/#\/schema\/logo\/image\/","url":"https:\/\/plasmastg.giveplasma.ca\/wp-content\/uploads\/2021\/01\/1.png","contentUrl":"https:\/\/plasmastg.giveplasma.ca\/wp-content\/uploads\/2021\/01\/1.png","width":427,"height":239,"caption":"Canadian Plasma Resources"},"image":{"@id":"https:\/\/plasmastg.giveplasma.ca\/#\/schema\/logo\/image\/"}},{"@type":"WebSite","@id":"https:\/\/plasmastg.giveplasma.ca\/#website","url":"https:\/\/plasmastg.giveplasma.ca\/","name":"Canadian Plasma Resources","description":"Give Plasma, Give Life","publisher":{"@id":"https:\/\/plasmastg.giveplasma.ca\/#organization"},"potentialAction":[{"@type":"SearchAction","target":{"@type":"EntryPoint","urlTemplate":"https:\/\/plasmastg.giveplasma.ca\/?s={search_term_string}"},"query-input":"required name=search_term_string"}],"inLanguage":"fr-FR"},{"@type":"WebPage","@id":"https:\/\/plasmastg.giveplasma.ca\/fr\/au-sujet-de\/qui-sommes-nous\/","url":"https:\/\/plasmastg.giveplasma.ca\/fr\/au-sujet-de\/qui-sommes-nous\/","name":"Qui Sommes-Nous? - Canadian Plasma Resources","isPartOf":{"@id":"https:\/\/plasmastg.giveplasma.ca\/#website"},"datePublished":"2020-05-12T17:57:35+00:00","dateModified":"2023-07-04T14:20:08+00:00","breadcrumb":{"@id":"https:\/\/plasmastg.giveplasma.ca\/fr\/au-sujet-de\/qui-sommes-nous\/#breadcrumb"},"inLanguage":"fr-FR","potentialAction":[{"@type":"ReadAction","target":["https:\/\/plasmastg.giveplasma.ca\/fr\/au-sujet-de\/qui-sommes-nous\/"]}]},{"@type":"BreadcrumbList","@id":"https:\/\/plasmastg.giveplasma.ca\/fr\/au-sujet-de\/qui-sommes-nous\/#breadcrumb","itemListElement":[{"@type":"ListItem","position":1,"name":"Home","item":"https:\/\/plasmastg.giveplasma.ca\/fr\/"},{"@type":"ListItem","position":2,"name":"Au sujet de","item":"https:\/\/plasmastg.giveplasma.ca\/fr\/au-sujet-de\/"},{"@type":"ListItem","position":3,"name":"Qui Sommes-Nous?"}]}]}},"_links":{"self":[{"href":"https:\/\/plasmastg.giveplasma.ca\/fr\/wp-json\/wp\/v2\/pages\/182"}],"collection":[{"href":"https:\/\/plasmastg.giveplasma.ca\/fr\/wp-json\/wp\/v2\/pages"}],"about":[{"href":"https:\/\/plasmastg.giveplasma.ca\/fr\/wp-json\/wp\/v2\/types\/page"}],"author":[{"embeddable":true,"href":"https:\/\/plasmastg.giveplasma.ca\/fr\/wp-json\/wp\/v2\/users\/1"}],"replies":[{"embeddable":true,"href":"https:\/\/plasmastg.giveplasma.ca\/fr\/wp-json\/wp\/v2\/comments?post=182"}],"version-history":[{"count":27,"href":"https:\/\/plasmastg.giveplasma.ca\/fr\/wp-json\/wp\/v2\/pages\/182\/revisions"}],"predecessor-version":[{"id":3220,"href":"https:\/\/plasmastg.giveplasma.ca\/fr\/wp-json\/wp\/v2\/pages\/182\/revisions\/3220"}],"up":[{"embeddable":true,"href":"https:\/\/plasmastg.giveplasma.ca\/fr\/wp-json\/wp\/v2\/pages\/165"}],"wp:attachment":[{"href":"https:\/\/plasmastg.giveplasma.ca\/fr\/wp-json\/wp\/v2\/media?parent=182"}],"curies":[{"name":"wp","href":"https:\/\/api.w.org\/{rel}","templated":true}]}}