{"id":179,"date":"2020-05-12T13:56:20","date_gmt":"2020-05-12T17:56:20","guid":{"rendered":"https:\/\/plasmastg.giveplasma.ca\/?page_id=179"},"modified":"2020-05-12T13:56:21","modified_gmt":"2020-05-12T17:56:21","slug":"notre-equipe","status":"publish","type":"page","link":"https:\/\/plasmastg.giveplasma.ca\/fr\/au-sujet-de\/notre-equipe\/","title":{"rendered":"Notre \u00e9quipe"},"content":{"rendered":"\n<p>L\u2019\u00e9quipe de Canadian Plasma Resources comprend tout un \u00e9ventail de scientifiques et de professionnels de la sant\u00e9 :<\/p>\n\n\n\n<ul><li>M\u00e9decins (MD)<\/li><li>Rempla\u00e7ants de m\u00e9decin (infirmier autoris\u00e9 ou infirmi\u00e8re autoris\u00e9e avec permis d\u2019exercice en r\u00e8gle)<\/li><li>Gestionnaire des syst\u00e8mes de qualit\u00e9 et associ\u00e9s<\/li><li>Gestionnaire de la production et associ\u00e9s<\/li><li>Personnel de la salle de don (Phl\u00e9botomistes certifi\u00e9s, personnel certifi\u00e9 de la SCSLM &#8211; Soci\u00e9t\u00e9 canadienne de science de laboratoire m\u00e9dical)<\/li><li>Personnel pr\u00e9pos\u00e9 \u00e0 l\u2019enregistrement<\/li><li>Personnel responsable de la transformation du plasma<\/li><li>Tous nos employ\u00e9s sont d\u00e9termin\u00e9s \u00e0 fournir le meilleur environnement possible pour favoriser la s\u00e9curit\u00e9 des donneurs de plasma et la s\u00e9curit\u00e9 du produit. C\u2019est en fait ce d\u00e9vouement qui caract\u00e9rise Canadian Plasma Resources.<\/li><\/ul>\n\n\n\n<p>La discipline et les comp\u00e9tences de nos employ\u00e9s sont notre garantie que Canadian Plasma Resources se conforme \u00e0 tous les r\u00e8glements canadiens et internationaux. Chez Canadian Plasma Resources, nous comptons sur le savoir-faire de notre \u00e9quipe pour atteindre notre but ultime qui consiste \u00e0 \u00e9tablir le Canada comme un intervenant majeur au niveau international dans le domaine des produits d\u00e9riv\u00e9s du plasma et du plasma-aph\u00e9r\u00e8se.<\/p>\n","protected":false},"excerpt":{"rendered":"<p>L\u2019\u00e9quipe de Canadian Plasma Resources comprend tout un \u00e9ventail de scientifiques et de professionnels de la sant\u00e9 : M\u00e9decins (MD) Rempla\u00e7ants de m\u00e9decin (infirmier autoris\u00e9 ou infirmi\u00e8re autoris\u00e9e avec permis d\u2019exercice en r\u00e8gle) Gestionnaire des syst\u00e8mes de qualit\u00e9 et associ\u00e9s Gestionnaire de la production et associ\u00e9s Personnel de la salle de don (Phl\u00e9botomistes certifi\u00e9s, personnel&hellip; <a class=\"text-nowrap\" href=\"https:\/\/plasmastg.giveplasma.ca\/fr\/au-sujet-de\/notre-equipe\/\">Continue reading<span class=\"sr-only\"> Notre \u00e9quipe<\/span><\/a><\/p>\n","protected":false},"author":1,"featured_media":0,"parent":165,"menu_order":2,"comment_status":"closed","ping_status":"closed","template":"","meta":{"_coblocks_attr":"","_coblocks_dimensions":"","_coblocks_responsive_height":"","_coblocks_accordion_ie_support":""},"acf":[],"yoast_head":"<!-- This site is optimized with the Yoast SEO plugin v19.4 - https:\/\/yoast.com\/wordpress\/plugins\/seo\/ -->\n<title>Notre \u00e9quipe - Canadian Plasma Resources<\/title>\n<meta name=\"robots\" content=\"noindex, follow, max-snippet:-1, max-image-preview:large, max-video-preview:-1\" \/>\n<meta property=\"og:locale\" content=\"fr_FR\" \/>\n<meta property=\"og:type\" content=\"article\" \/>\n<meta property=\"og:title\" content=\"Notre \u00e9quipe - Canadian Plasma Resources\" \/>\n<meta property=\"og:description\" content=\"L\u2019\u00e9quipe de Canadian Plasma Resources comprend tout un \u00e9ventail de scientifiques et de professionnels de la sant\u00e9 : M\u00e9decins (MD) Rempla\u00e7ants de m\u00e9decin (infirmier autoris\u00e9 ou infirmi\u00e8re autoris\u00e9e avec permis d\u2019exercice en r\u00e8gle) Gestionnaire des syst\u00e8mes de qualit\u00e9 et associ\u00e9s Gestionnaire de la production et associ\u00e9s Personnel de la salle de don (Phl\u00e9botomistes certifi\u00e9s, personnel&hellip; Continue reading Notre \u00e9quipe\" \/>\n<meta property=\"og:url\" content=\"https:\/\/plasmastg.giveplasma.ca\/fr\/au-sujet-de\/notre-equipe\/\" \/>\n<meta property=\"og:site_name\" content=\"Canadian Plasma Resources\" \/>\n<meta property=\"article:publisher\" content=\"https:\/\/www.facebook.com\/giveplasma\" \/>\n<meta property=\"article:modified_time\" content=\"2020-05-12T17:56:21+00:00\" \/>\n<meta name=\"twitter:card\" content=\"summary_large_image\" \/>\n<meta name=\"twitter:site\" content=\"@giveplasma\" \/>\n<meta name=\"twitter:label1\" content=\"Dur\u00e9e de lecture estim\u00e9e\" \/>\n\t<meta name=\"twitter:data1\" content=\"1 minute\" \/>\n<script type=\"application\/ld+json\" class=\"yoast-schema-graph\">{\"@context\":\"https:\/\/schema.org\",\"@graph\":[{\"@type\":\"Organization\",\"@id\":\"https:\/\/plasmastg.giveplasma.ca\/#organization\",\"name\":\"Canadian Plasma Resources\",\"url\":\"https:\/\/plasmastg.giveplasma.ca\/\",\"sameAs\":[\"https:\/\/www.instagram.com\/giveplasma\/\",\"https:\/\/www.youtube.com\/channel\/UC-AZ6t3Ap4xP6C7JocUsnBA\",\"https:\/\/en.wikipedia.org\/wiki\/Canadian_Plasma_Resources\",\"https:\/\/www.facebook.com\/giveplasma\",\"https:\/\/twitter.com\/giveplasma\"],\"logo\":{\"@type\":\"ImageObject\",\"inLanguage\":\"fr-FR\",\"@id\":\"https:\/\/plasmastg.giveplasma.ca\/#\/schema\/logo\/image\/\",\"url\":\"https:\/\/plasmastg.giveplasma.ca\/wp-content\/uploads\/2021\/01\/1.png\",\"contentUrl\":\"https:\/\/plasmastg.giveplasma.ca\/wp-content\/uploads\/2021\/01\/1.png\",\"width\":427,\"height\":239,\"caption\":\"Canadian Plasma Resources\"},\"image\":{\"@id\":\"https:\/\/plasmastg.giveplasma.ca\/#\/schema\/logo\/image\/\"}},{\"@type\":\"WebSite\",\"@id\":\"https:\/\/plasmastg.giveplasma.ca\/#website\",\"url\":\"https:\/\/plasmastg.giveplasma.ca\/\",\"name\":\"Canadian Plasma Resources\",\"description\":\"Give Plasma, Give Life\",\"publisher\":{\"@id\":\"https:\/\/plasmastg.giveplasma.ca\/#organization\"},\"potentialAction\":[{\"@type\":\"SearchAction\",\"target\":{\"@type\":\"EntryPoint\",\"urlTemplate\":\"https:\/\/plasmastg.giveplasma.ca\/?s={search_term_string}\"},\"query-input\":\"required name=search_term_string\"}],\"inLanguage\":\"fr-FR\"},{\"@type\":\"WebPage\",\"@id\":\"https:\/\/plasmastg.giveplasma.ca\/fr\/au-sujet-de\/notre-equipe\/\",\"url\":\"https:\/\/plasmastg.giveplasma.ca\/fr\/au-sujet-de\/notre-equipe\/\",\"name\":\"Notre \u00e9quipe - Canadian Plasma Resources\",\"isPartOf\":{\"@id\":\"https:\/\/plasmastg.giveplasma.ca\/#website\"},\"datePublished\":\"2020-05-12T17:56:20+00:00\",\"dateModified\":\"2020-05-12T17:56:21+00:00\",\"breadcrumb\":{\"@id\":\"https:\/\/plasmastg.giveplasma.ca\/fr\/au-sujet-de\/notre-equipe\/#breadcrumb\"},\"inLanguage\":\"fr-FR\",\"potentialAction\":[{\"@type\":\"ReadAction\",\"target\":[\"https:\/\/plasmastg.giveplasma.ca\/fr\/au-sujet-de\/notre-equipe\/\"]}]},{\"@type\":\"BreadcrumbList\",\"@id\":\"https:\/\/plasmastg.giveplasma.ca\/fr\/au-sujet-de\/notre-equipe\/#breadcrumb\",\"itemListElement\":[{\"@type\":\"ListItem\",\"position\":1,\"name\":\"Home\",\"item\":\"https:\/\/plasmastg.giveplasma.ca\/fr\/\"},{\"@type\":\"ListItem\",\"position\":2,\"name\":\"Au sujet de\",\"item\":\"https:\/\/plasmastg.giveplasma.ca\/fr\/au-sujet-de\/\"},{\"@type\":\"ListItem\",\"position\":3,\"name\":\"Notre \u00e9quipe\"}]}]}<\/script>\n<!-- \/ Yoast SEO plugin. -->","yoast_head_json":{"title":"Notre \u00e9quipe - Canadian Plasma Resources","robots":{"index":"noindex","follow":"follow","max-snippet":"max-snippet:-1","max-image-preview":"max-image-preview:large","max-video-preview":"max-video-preview:-1"},"og_locale":"fr_FR","og_type":"article","og_title":"Notre \u00e9quipe - Canadian Plasma Resources","og_description":"L\u2019\u00e9quipe de Canadian Plasma Resources comprend tout un \u00e9ventail de scientifiques et de professionnels de la sant\u00e9 : M\u00e9decins (MD) Rempla\u00e7ants de m\u00e9decin (infirmier autoris\u00e9 ou infirmi\u00e8re autoris\u00e9e avec permis d\u2019exercice en r\u00e8gle) Gestionnaire des syst\u00e8mes de qualit\u00e9 et associ\u00e9s Gestionnaire de la production et associ\u00e9s Personnel de la salle de don (Phl\u00e9botomistes certifi\u00e9s, personnel&hellip; Continue reading Notre \u00e9quipe","og_url":"https:\/\/plasmastg.giveplasma.ca\/fr\/au-sujet-de\/notre-equipe\/","og_site_name":"Canadian Plasma Resources","article_publisher":"https:\/\/www.facebook.com\/giveplasma","article_modified_time":"2020-05-12T17:56:21+00:00","twitter_card":"summary_large_image","twitter_site":"@giveplasma","twitter_misc":{"Dur\u00e9e de lecture estim\u00e9e":"1 minute"},"schema":{"@context":"https:\/\/schema.org","@graph":[{"@type":"Organization","@id":"https:\/\/plasmastg.giveplasma.ca\/#organization","name":"Canadian Plasma Resources","url":"https:\/\/plasmastg.giveplasma.ca\/","sameAs":["https:\/\/www.instagram.com\/giveplasma\/","https:\/\/www.youtube.com\/channel\/UC-AZ6t3Ap4xP6C7JocUsnBA","https:\/\/en.wikipedia.org\/wiki\/Canadian_Plasma_Resources","https:\/\/www.facebook.com\/giveplasma","https:\/\/twitter.com\/giveplasma"],"logo":{"@type":"ImageObject","inLanguage":"fr-FR","@id":"https:\/\/plasmastg.giveplasma.ca\/#\/schema\/logo\/image\/","url":"https:\/\/plasmastg.giveplasma.ca\/wp-content\/uploads\/2021\/01\/1.png","contentUrl":"https:\/\/plasmastg.giveplasma.ca\/wp-content\/uploads\/2021\/01\/1.png","width":427,"height":239,"caption":"Canadian Plasma Resources"},"image":{"@id":"https:\/\/plasmastg.giveplasma.ca\/#\/schema\/logo\/image\/"}},{"@type":"WebSite","@id":"https:\/\/plasmastg.giveplasma.ca\/#website","url":"https:\/\/plasmastg.giveplasma.ca\/","name":"Canadian Plasma Resources","description":"Give Plasma, Give Life","publisher":{"@id":"https:\/\/plasmastg.giveplasma.ca\/#organization"},"potentialAction":[{"@type":"SearchAction","target":{"@type":"EntryPoint","urlTemplate":"https:\/\/plasmastg.giveplasma.ca\/?s={search_term_string}"},"query-input":"required name=search_term_string"}],"inLanguage":"fr-FR"},{"@type":"WebPage","@id":"https:\/\/plasmastg.giveplasma.ca\/fr\/au-sujet-de\/notre-equipe\/","url":"https:\/\/plasmastg.giveplasma.ca\/fr\/au-sujet-de\/notre-equipe\/","name":"Notre \u00e9quipe - Canadian Plasma Resources","isPartOf":{"@id":"https:\/\/plasmastg.giveplasma.ca\/#website"},"datePublished":"2020-05-12T17:56:20+00:00","dateModified":"2020-05-12T17:56:21+00:00","breadcrumb":{"@id":"https:\/\/plasmastg.giveplasma.ca\/fr\/au-sujet-de\/notre-equipe\/#breadcrumb"},"inLanguage":"fr-FR","potentialAction":[{"@type":"ReadAction","target":["https:\/\/plasmastg.giveplasma.ca\/fr\/au-sujet-de\/notre-equipe\/"]}]},{"@type":"BreadcrumbList","@id":"https:\/\/plasmastg.giveplasma.ca\/fr\/au-sujet-de\/notre-equipe\/#breadcrumb","itemListElement":[{"@type":"ListItem","position":1,"name":"Home","item":"https:\/\/plasmastg.giveplasma.ca\/fr\/"},{"@type":"ListItem","position":2,"name":"Au sujet de","item":"https:\/\/plasmastg.giveplasma.ca\/fr\/au-sujet-de\/"},{"@type":"ListItem","position":3,"name":"Notre \u00e9quipe"}]}]}},"_links":{"self":[{"href":"https:\/\/plasmastg.giveplasma.ca\/fr\/wp-json\/wp\/v2\/pages\/179"}],"collection":[{"href":"https:\/\/plasmastg.giveplasma.ca\/fr\/wp-json\/wp\/v2\/pages"}],"about":[{"href":"https:\/\/plasmastg.giveplasma.ca\/fr\/wp-json\/wp\/v2\/types\/page"}],"author":[{"embeddable":true,"href":"https:\/\/plasmastg.giveplasma.ca\/fr\/wp-json\/wp\/v2\/users\/1"}],"replies":[{"embeddable":true,"href":"https:\/\/plasmastg.giveplasma.ca\/fr\/wp-json\/wp\/v2\/comments?post=179"}],"version-history":[{"count":0,"href":"https:\/\/plasmastg.giveplasma.ca\/fr\/wp-json\/wp\/v2\/pages\/179\/revisions"}],"up":[{"embeddable":true,"href":"https:\/\/plasmastg.giveplasma.ca\/fr\/wp-json\/wp\/v2\/pages\/165"}],"wp:attachment":[{"href":"https:\/\/plasmastg.giveplasma.ca\/fr\/wp-json\/wp\/v2\/media?parent=179"}],"curies":[{"name":"wp","href":"https:\/\/api.w.org\/{rel}","templated":true}]}}