{"id":177,"date":"2020-05-12T13:55:30","date_gmt":"2020-05-12T17:55:30","guid":{"rendered":"https:\/\/plasmastg.giveplasma.ca\/?page_id=177"},"modified":"2020-05-12T13:55:31","modified_gmt":"2020-05-12T17:55:31","slug":"mission-et-vision","status":"publish","type":"page","link":"https:\/\/plasmastg.giveplasma.ca\/fr\/au-sujet-de\/mission-et-vision\/","title":{"rendered":"Mission et Vision"},"content":{"rendered":"\n<h2>Notre Mission<\/h2>\n\n\n\n<p>Canadian Plasma Resources fournira du plasma de la plus grande qualit\u00e9 et fiabilit\u00e9 pour \u00e9laborer des traitements susceptibles de sauver des vies et d\u2019am\u00e9liorer la qualit\u00e9 de vie de Canadiens et de gens partout dans le monde.<\/p>\n\n\n\n<h2>Notre Vision<\/h2>\n\n\n\n<p>Accro\u00eetre la production de plasma au Canada afin de r\u00e9duire notre d\u00e9pendance sur les sources \u00e9trang\u00e8res de plasma.<\/p>\n\n\n\n<p>Canadian Plasma Resources met tout en \u0153uvre pour :<\/p>\n\n\n\n<ul><li>Devenir un contributeur mondial de produits plasmatiques s\u00e9curitaires et de qualit\u00e9<\/li><li>Accro\u00eetre la capacit\u00e9 de produire du plasma-aph\u00e9r\u00e8se localement au Canada<\/li><\/ul>\n\n\n\n<figure class=\"wp-block-embed-youtube wp-block-embed is-type-video is-provider-youtube wp-embed-aspect-16-9 wp-has-aspect-ratio\"><div class=\"wp-block-embed__wrapper\">\n<div class=\"embed-responsive embed-responsive-16by9 mb-3\"><iframe loading=\"lazy\" title=\"Dr. Barzin Bahardoust - The CEO of CPR\" width=\"500\" height=\"281\" src=\"https:\/\/www.youtube.com\/embed\/q2bhhmMXdyQ?feature=oembed&#038;modestbranding=1&#038;showinfo=0&#038;rel=0\" frameborder=\"0\" allow=\"accelerometer; autoplay; encrypted-media; gyroscope; picture-in-picture\" allowfullscreen><\/iframe><\/div>\n<\/div><\/figure>\n","protected":false},"excerpt":{"rendered":"<p>Notre Mission Canadian Plasma Resources fournira du plasma de la plus grande qualit\u00e9 et fiabilit\u00e9 pour \u00e9laborer des traitements susceptibles de sauver des vies et d\u2019am\u00e9liorer la qualit\u00e9 de vie de Canadiens et de gens partout dans le monde. Notre Vision Accro\u00eetre la production de plasma au Canada afin de r\u00e9duire notre d\u00e9pendance sur les&hellip; <a class=\"text-nowrap\" href=\"https:\/\/plasmastg.giveplasma.ca\/fr\/au-sujet-de\/mission-et-vision\/\">Continue reading<span class=\"sr-only\"> Mission et Vision<\/span><\/a><\/p>\n","protected":false},"author":1,"featured_media":0,"parent":165,"menu_order":1,"comment_status":"closed","ping_status":"closed","template":"","meta":{"_coblocks_attr":"","_coblocks_dimensions":"","_coblocks_responsive_height":"","_coblocks_accordion_ie_support":""},"acf":[],"yoast_head":"<!-- This site is optimized with the Yoast SEO plugin v19.4 - https:\/\/yoast.com\/wordpress\/plugins\/seo\/ -->\n<title>Mission et Vision - Canadian Plasma Resources<\/title>\n<meta name=\"robots\" content=\"noindex, follow, max-snippet:-1, max-image-preview:large, max-video-preview:-1\" \/>\n<meta property=\"og:locale\" content=\"fr_FR\" \/>\n<meta property=\"og:type\" content=\"article\" \/>\n<meta property=\"og:title\" content=\"Mission et Vision - Canadian Plasma Resources\" \/>\n<meta property=\"og:description\" content=\"Notre Mission Canadian Plasma Resources fournira du plasma de la plus grande qualit\u00e9 et fiabilit\u00e9 pour \u00e9laborer des traitements susceptibles de sauver des vies et d\u2019am\u00e9liorer la qualit\u00e9 de vie de Canadiens et de gens partout dans le monde. Notre Vision Accro\u00eetre la production de plasma au Canada afin de r\u00e9duire notre d\u00e9pendance sur les&hellip; Continue reading Mission et Vision\" \/>\n<meta property=\"og:url\" content=\"https:\/\/plasmastg.giveplasma.ca\/fr\/au-sujet-de\/mission-et-vision\/\" \/>\n<meta property=\"og:site_name\" content=\"Canadian Plasma Resources\" \/>\n<meta property=\"article:publisher\" content=\"https:\/\/www.facebook.com\/giveplasma\" \/>\n<meta property=\"article:modified_time\" content=\"2020-05-12T17:55:31+00:00\" \/>\n<meta name=\"twitter:card\" content=\"summary_large_image\" \/>\n<meta name=\"twitter:site\" content=\"@giveplasma\" \/>\n<meta name=\"twitter:label1\" content=\"Dur\u00e9e de lecture estim\u00e9e\" \/>\n\t<meta name=\"twitter:data1\" content=\"1 minute\" \/>\n<script type=\"application\/ld+json\" class=\"yoast-schema-graph\">{\"@context\":\"https:\/\/schema.org\",\"@graph\":[{\"@type\":\"Organization\",\"@id\":\"https:\/\/plasmastg.giveplasma.ca\/#organization\",\"name\":\"Canadian Plasma Resources\",\"url\":\"https:\/\/plasmastg.giveplasma.ca\/\",\"sameAs\":[\"https:\/\/www.instagram.com\/giveplasma\/\",\"https:\/\/www.youtube.com\/channel\/UC-AZ6t3Ap4xP6C7JocUsnBA\",\"https:\/\/en.wikipedia.org\/wiki\/Canadian_Plasma_Resources\",\"https:\/\/www.facebook.com\/giveplasma\",\"https:\/\/twitter.com\/giveplasma\"],\"logo\":{\"@type\":\"ImageObject\",\"inLanguage\":\"fr-FR\",\"@id\":\"https:\/\/plasmastg.giveplasma.ca\/#\/schema\/logo\/image\/\",\"url\":\"https:\/\/plasmastg.giveplasma.ca\/wp-content\/uploads\/2021\/01\/1.png\",\"contentUrl\":\"https:\/\/plasmastg.giveplasma.ca\/wp-content\/uploads\/2021\/01\/1.png\",\"width\":427,\"height\":239,\"caption\":\"Canadian Plasma Resources\"},\"image\":{\"@id\":\"https:\/\/plasmastg.giveplasma.ca\/#\/schema\/logo\/image\/\"}},{\"@type\":\"WebSite\",\"@id\":\"https:\/\/plasmastg.giveplasma.ca\/#website\",\"url\":\"https:\/\/plasmastg.giveplasma.ca\/\",\"name\":\"Canadian Plasma Resources\",\"description\":\"Give Plasma, Give Life\",\"publisher\":{\"@id\":\"https:\/\/plasmastg.giveplasma.ca\/#organization\"},\"potentialAction\":[{\"@type\":\"SearchAction\",\"target\":{\"@type\":\"EntryPoint\",\"urlTemplate\":\"https:\/\/plasmastg.giveplasma.ca\/?s={search_term_string}\"},\"query-input\":\"required name=search_term_string\"}],\"inLanguage\":\"fr-FR\"},{\"@type\":\"WebPage\",\"@id\":\"https:\/\/plasmastg.giveplasma.ca\/fr\/au-sujet-de\/mission-et-vision\/\",\"url\":\"https:\/\/plasmastg.giveplasma.ca\/fr\/au-sujet-de\/mission-et-vision\/\",\"name\":\"Mission et Vision - Canadian Plasma Resources\",\"isPartOf\":{\"@id\":\"https:\/\/plasmastg.giveplasma.ca\/#website\"},\"datePublished\":\"2020-05-12T17:55:30+00:00\",\"dateModified\":\"2020-05-12T17:55:31+00:00\",\"breadcrumb\":{\"@id\":\"https:\/\/plasmastg.giveplasma.ca\/fr\/au-sujet-de\/mission-et-vision\/#breadcrumb\"},\"inLanguage\":\"fr-FR\",\"potentialAction\":[{\"@type\":\"ReadAction\",\"target\":[\"https:\/\/plasmastg.giveplasma.ca\/fr\/au-sujet-de\/mission-et-vision\/\"]}]},{\"@type\":\"BreadcrumbList\",\"@id\":\"https:\/\/plasmastg.giveplasma.ca\/fr\/au-sujet-de\/mission-et-vision\/#breadcrumb\",\"itemListElement\":[{\"@type\":\"ListItem\",\"position\":1,\"name\":\"Home\",\"item\":\"https:\/\/plasmastg.giveplasma.ca\/fr\/\"},{\"@type\":\"ListItem\",\"position\":2,\"name\":\"Au sujet de\",\"item\":\"https:\/\/plasmastg.giveplasma.ca\/fr\/au-sujet-de\/\"},{\"@type\":\"ListItem\",\"position\":3,\"name\":\"Mission et Vision\"}]}]}<\/script>\n<!-- \/ Yoast SEO plugin. -->","yoast_head_json":{"title":"Mission et Vision - Canadian Plasma Resources","robots":{"index":"noindex","follow":"follow","max-snippet":"max-snippet:-1","max-image-preview":"max-image-preview:large","max-video-preview":"max-video-preview:-1"},"og_locale":"fr_FR","og_type":"article","og_title":"Mission et Vision - Canadian Plasma Resources","og_description":"Notre Mission Canadian Plasma Resources fournira du plasma de la plus grande qualit\u00e9 et fiabilit\u00e9 pour \u00e9laborer des traitements susceptibles de sauver des vies et d\u2019am\u00e9liorer la qualit\u00e9 de vie de Canadiens et de gens partout dans le monde. Notre Vision Accro\u00eetre la production de plasma au Canada afin de r\u00e9duire notre d\u00e9pendance sur les&hellip; Continue reading Mission et Vision","og_url":"https:\/\/plasmastg.giveplasma.ca\/fr\/au-sujet-de\/mission-et-vision\/","og_site_name":"Canadian Plasma Resources","article_publisher":"https:\/\/www.facebook.com\/giveplasma","article_modified_time":"2020-05-12T17:55:31+00:00","twitter_card":"summary_large_image","twitter_site":"@giveplasma","twitter_misc":{"Dur\u00e9e de lecture estim\u00e9e":"1 minute"},"schema":{"@context":"https:\/\/schema.org","@graph":[{"@type":"Organization","@id":"https:\/\/plasmastg.giveplasma.ca\/#organization","name":"Canadian Plasma Resources","url":"https:\/\/plasmastg.giveplasma.ca\/","sameAs":["https:\/\/www.instagram.com\/giveplasma\/","https:\/\/www.youtube.com\/channel\/UC-AZ6t3Ap4xP6C7JocUsnBA","https:\/\/en.wikipedia.org\/wiki\/Canadian_Plasma_Resources","https:\/\/www.facebook.com\/giveplasma","https:\/\/twitter.com\/giveplasma"],"logo":{"@type":"ImageObject","inLanguage":"fr-FR","@id":"https:\/\/plasmastg.giveplasma.ca\/#\/schema\/logo\/image\/","url":"https:\/\/plasmastg.giveplasma.ca\/wp-content\/uploads\/2021\/01\/1.png","contentUrl":"https:\/\/plasmastg.giveplasma.ca\/wp-content\/uploads\/2021\/01\/1.png","width":427,"height":239,"caption":"Canadian Plasma Resources"},"image":{"@id":"https:\/\/plasmastg.giveplasma.ca\/#\/schema\/logo\/image\/"}},{"@type":"WebSite","@id":"https:\/\/plasmastg.giveplasma.ca\/#website","url":"https:\/\/plasmastg.giveplasma.ca\/","name":"Canadian Plasma Resources","description":"Give Plasma, Give Life","publisher":{"@id":"https:\/\/plasmastg.giveplasma.ca\/#organization"},"potentialAction":[{"@type":"SearchAction","target":{"@type":"EntryPoint","urlTemplate":"https:\/\/plasmastg.giveplasma.ca\/?s={search_term_string}"},"query-input":"required name=search_term_string"}],"inLanguage":"fr-FR"},{"@type":"WebPage","@id":"https:\/\/plasmastg.giveplasma.ca\/fr\/au-sujet-de\/mission-et-vision\/","url":"https:\/\/plasmastg.giveplasma.ca\/fr\/au-sujet-de\/mission-et-vision\/","name":"Mission et Vision - Canadian Plasma Resources","isPartOf":{"@id":"https:\/\/plasmastg.giveplasma.ca\/#website"},"datePublished":"2020-05-12T17:55:30+00:00","dateModified":"2020-05-12T17:55:31+00:00","breadcrumb":{"@id":"https:\/\/plasmastg.giveplasma.ca\/fr\/au-sujet-de\/mission-et-vision\/#breadcrumb"},"inLanguage":"fr-FR","potentialAction":[{"@type":"ReadAction","target":["https:\/\/plasmastg.giveplasma.ca\/fr\/au-sujet-de\/mission-et-vision\/"]}]},{"@type":"BreadcrumbList","@id":"https:\/\/plasmastg.giveplasma.ca\/fr\/au-sujet-de\/mission-et-vision\/#breadcrumb","itemListElement":[{"@type":"ListItem","position":1,"name":"Home","item":"https:\/\/plasmastg.giveplasma.ca\/fr\/"},{"@type":"ListItem","position":2,"name":"Au sujet de","item":"https:\/\/plasmastg.giveplasma.ca\/fr\/au-sujet-de\/"},{"@type":"ListItem","position":3,"name":"Mission et Vision"}]}]}},"_links":{"self":[{"href":"https:\/\/plasmastg.giveplasma.ca\/fr\/wp-json\/wp\/v2\/pages\/177"}],"collection":[{"href":"https:\/\/plasmastg.giveplasma.ca\/fr\/wp-json\/wp\/v2\/pages"}],"about":[{"href":"https:\/\/plasmastg.giveplasma.ca\/fr\/wp-json\/wp\/v2\/types\/page"}],"author":[{"embeddable":true,"href":"https:\/\/plasmastg.giveplasma.ca\/fr\/wp-json\/wp\/v2\/users\/1"}],"replies":[{"embeddable":true,"href":"https:\/\/plasmastg.giveplasma.ca\/fr\/wp-json\/wp\/v2\/comments?post=177"}],"version-history":[{"count":0,"href":"https:\/\/plasmastg.giveplasma.ca\/fr\/wp-json\/wp\/v2\/pages\/177\/revisions"}],"up":[{"embeddable":true,"href":"https:\/\/plasmastg.giveplasma.ca\/fr\/wp-json\/wp\/v2\/pages\/165"}],"wp:attachment":[{"href":"https:\/\/plasmastg.giveplasma.ca\/fr\/wp-json\/wp\/v2\/media?parent=177"}],"curies":[{"name":"wp","href":"https:\/\/api.w.org\/{rel}","templated":true}]}}